{"id":13539,"date":"2018-09-13T12:29:10","date_gmt":"2018-09-13T10:29:10","guid":{"rendered":"https:\/\/mcubedigital.com\/homepage\/"},"modified":"2025-06-19T09:44:56","modified_gmt":"2025-06-19T07:44:56","slug":"homepage","status":"publish","type":"page","link":"https:\/\/mcubedigital.com\/fr\/","title":{"rendered":"Homepage"},"content":{"rendered":"","protected":false},"excerpt":{"rendered":"","protected":false},"author":1,"featured_media":21309,"parent":0,"menu_order":0,"comment_status":"closed","ping_status":"closed","template":"","meta":{"_acf_changed":false,"inline_featured_image":false,"footnotes":""},"class_list":["post-13539","page","type-page","status-publish","has-post-thumbnail","hentry"],"acf":[],"yoast_head":"<!-- This site is optimized with the Yoast SEO plugin v27.4 - https:\/\/yoast.com\/product\/yoast-seo-wordpress\/ -->\n<title>M-Cube - La puissance \u00e9motionnelle des exp\u00e9riences digitales<\/title>\n<meta name=\"description\" content=\"Nous cr\u00e9ons des exp\u00e9riences digitales captivantes et des solutions de communication innovantes, rendant chaque exp\u00e9rience client m\u00e9morable.\" \/>\n<meta name=\"robots\" content=\"index, follow, max-snippet:-1, max-image-preview:large, max-video-preview:-1\" \/>\n<link rel=\"canonical\" href=\"https:\/\/mcubedigital.com\/fr\/\" \/>\n<meta property=\"og:locale\" content=\"fr_FR\" \/>\n<meta property=\"og:type\" content=\"article\" \/>\n<meta property=\"og:title\" content=\"M-Cube - La puissance \u00e9motionnelle des exp\u00e9riences digitales\" \/>\n<meta property=\"og:description\" content=\"Nous cr\u00e9ons des exp\u00e9riences digitales captivantes et des solutions de communication innovantes, rendant chaque exp\u00e9rience client m\u00e9morable.\" \/>\n<meta property=\"og:url\" content=\"https:\/\/mcubedigital.com\/fr\/\" \/>\n<meta property=\"og:site_name\" content=\"MCube\" \/>\n<meta property=\"article:modified_time\" content=\"2025-06-19T07:44:56+00:00\" \/>\n<meta property=\"og:image\" content=\"https:\/\/mcubedigital.com\/wp-content\/uploads\/2018\/10\/MCube-Digital-Engagement-Facebook-OG.png\" \/>\n<meta name=\"twitter:card\" content=\"summary_large_image\" \/>\n<meta name=\"twitter:label1\" content=\"Dur\u00e9e de lecture estim\u00e9e\" \/>\n\t<meta name=\"twitter:data1\" content=\"13 minutes\" \/>\n<script type=\"application\/ld+json\" class=\"yoast-schema-graph\">{\"@context\":\"https:\\\/\\\/schema.org\",\"@graph\":[{\"@type\":\"WebPage\",\"@id\":\"https:\\\/\\\/mcubedigital.com\\\/fr\\\/\",\"url\":\"https:\\\/\\\/mcubedigital.com\\\/fr\\\/\",\"name\":\"M-Cube - La puissance \u00e9motionnelle des exp\u00e9riences digitales\",\"isPartOf\":{\"@id\":\"https:\\\/\\\/mcubedigital.com\\\/fr\\\/#website\"},\"primaryImageOfPage\":{\"@id\":\"https:\\\/\\\/mcubedigital.com\\\/fr\\\/#primaryimage\"},\"image\":{\"@id\":\"https:\\\/\\\/mcubedigital.com\\\/fr\\\/#primaryimage\"},\"thumbnailUrl\":\"https:\\\/\\\/mcubedigital.com\\\/wp-content\\\/uploads\\\/2025\\\/06\\\/mcube-300x300_v2.jpg\",\"datePublished\":\"2018-09-13T10:29:10+00:00\",\"dateModified\":\"2025-06-19T07:44:56+00:00\",\"description\":\"Nous cr\u00e9ons des exp\u00e9riences digitales captivantes et des solutions de communication innovantes, rendant chaque exp\u00e9rience client m\u00e9morable.\",\"breadcrumb\":{\"@id\":\"https:\\\/\\\/mcubedigital.com\\\/fr\\\/#breadcrumb\"},\"inLanguage\":\"fr-FR\",\"potentialAction\":[{\"@type\":\"ReadAction\",\"target\":[\"https:\\\/\\\/mcubedigital.com\\\/fr\\\/\"]}]},{\"@type\":\"ImageObject\",\"inLanguage\":\"fr-FR\",\"@id\":\"https:\\\/\\\/mcubedigital.com\\\/fr\\\/#primaryimage\",\"url\":\"https:\\\/\\\/mcubedigital.com\\\/wp-content\\\/uploads\\\/2025\\\/06\\\/mcube-300x300_v2.jpg\",\"contentUrl\":\"https:\\\/\\\/mcubedigital.com\\\/wp-content\\\/uploads\\\/2025\\\/06\\\/mcube-300x300_v2.jpg\",\"width\":300,\"height\":300},{\"@type\":\"BreadcrumbList\",\"@id\":\"https:\\\/\\\/mcubedigital.com\\\/fr\\\/#breadcrumb\",\"itemListElement\":[{\"@type\":\"ListItem\",\"position\":1,\"name\":\"Home\",\"item\":\"https:\\\/\\\/mcubedigital.com\\\/fr\\\/\"},{\"@type\":\"ListItem\",\"position\":2,\"name\":\"Homepage\"}]},{\"@type\":\"WebSite\",\"@id\":\"https:\\\/\\\/mcubedigital.com\\\/fr\\\/#website\",\"url\":\"https:\\\/\\\/mcubedigital.com\\\/fr\\\/\",\"name\":\"MCube\",\"description\":\"Un nuovo sito targato WordPress\",\"potentialAction\":[{\"@type\":\"SearchAction\",\"target\":{\"@type\":\"EntryPoint\",\"urlTemplate\":\"https:\\\/\\\/mcubedigital.com\\\/fr\\\/?s={search_term_string}\"},\"query-input\":{\"@type\":\"PropertyValueSpecification\",\"valueRequired\":true,\"valueName\":\"search_term_string\"}}],\"inLanguage\":\"fr-FR\"}]}<\/script>\n<!-- \/ Yoast SEO plugin. -->","yoast_head_json":{"title":"M-Cube - La puissance \u00e9motionnelle des exp\u00e9riences digitales","description":"Nous cr\u00e9ons des exp\u00e9riences digitales captivantes et des solutions de communication innovantes, rendant chaque exp\u00e9rience client m\u00e9morable.","robots":{"index":"index","follow":"follow","max-snippet":"max-snippet:-1","max-image-preview":"max-image-preview:large","max-video-preview":"max-video-preview:-1"},"canonical":"https:\/\/mcubedigital.com\/fr\/","og_locale":"fr_FR","og_type":"article","og_title":"M-Cube - La puissance \u00e9motionnelle des exp\u00e9riences digitales","og_description":"Nous cr\u00e9ons des exp\u00e9riences digitales captivantes et des solutions de communication innovantes, rendant chaque exp\u00e9rience client m\u00e9morable.","og_url":"https:\/\/mcubedigital.com\/fr\/","og_site_name":"MCube","article_modified_time":"2025-06-19T07:44:56+00:00","og_image":[{"url":"https:\/\/mcubedigital.com\/wp-content\/uploads\/2018\/10\/MCube-Digital-Engagement-Facebook-OG.png","type":"","width":"","height":""}],"twitter_card":"summary_large_image","twitter_misc":{"Dur\u00e9e de lecture estim\u00e9e":"13 minutes"},"schema":{"@context":"https:\/\/schema.org","@graph":[{"@type":"WebPage","@id":"https:\/\/mcubedigital.com\/fr\/","url":"https:\/\/mcubedigital.com\/fr\/","name":"M-Cube - La puissance \u00e9motionnelle des exp\u00e9riences digitales","isPartOf":{"@id":"https:\/\/mcubedigital.com\/fr\/#website"},"primaryImageOfPage":{"@id":"https:\/\/mcubedigital.com\/fr\/#primaryimage"},"image":{"@id":"https:\/\/mcubedigital.com\/fr\/#primaryimage"},"thumbnailUrl":"https:\/\/mcubedigital.com\/wp-content\/uploads\/2025\/06\/mcube-300x300_v2.jpg","datePublished":"2018-09-13T10:29:10+00:00","dateModified":"2025-06-19T07:44:56+00:00","description":"Nous cr\u00e9ons des exp\u00e9riences digitales captivantes et des solutions de communication innovantes, rendant chaque exp\u00e9rience client m\u00e9morable.","breadcrumb":{"@id":"https:\/\/mcubedigital.com\/fr\/#breadcrumb"},"inLanguage":"fr-FR","potentialAction":[{"@type":"ReadAction","target":["https:\/\/mcubedigital.com\/fr\/"]}]},{"@type":"ImageObject","inLanguage":"fr-FR","@id":"https:\/\/mcubedigital.com\/fr\/#primaryimage","url":"https:\/\/mcubedigital.com\/wp-content\/uploads\/2025\/06\/mcube-300x300_v2.jpg","contentUrl":"https:\/\/mcubedigital.com\/wp-content\/uploads\/2025\/06\/mcube-300x300_v2.jpg","width":300,"height":300},{"@type":"BreadcrumbList","@id":"https:\/\/mcubedigital.com\/fr\/#breadcrumb","itemListElement":[{"@type":"ListItem","position":1,"name":"Home","item":"https:\/\/mcubedigital.com\/fr\/"},{"@type":"ListItem","position":2,"name":"Homepage"}]},{"@type":"WebSite","@id":"https:\/\/mcubedigital.com\/fr\/#website","url":"https:\/\/mcubedigital.com\/fr\/","name":"MCube","description":"Un nuovo sito targato WordPress","potentialAction":[{"@type":"SearchAction","target":{"@type":"EntryPoint","urlTemplate":"https:\/\/mcubedigital.com\/fr\/?s={search_term_string}"},"query-input":{"@type":"PropertyValueSpecification","valueRequired":true,"valueName":"search_term_string"}}],"inLanguage":"fr-FR"}]}},"_links":{"self":[{"href":"https:\/\/mcubedigital.com\/fr\/wp-json\/wp\/v2\/pages\/13539","targetHints":{"allow":["GET"]}}],"collection":[{"href":"https:\/\/mcubedigital.com\/fr\/wp-json\/wp\/v2\/pages"}],"about":[{"href":"https:\/\/mcubedigital.com\/fr\/wp-json\/wp\/v2\/types\/page"}],"author":[{"embeddable":true,"href":"https:\/\/mcubedigital.com\/fr\/wp-json\/wp\/v2\/users\/1"}],"replies":[{"embeddable":true,"href":"https:\/\/mcubedigital.com\/fr\/wp-json\/wp\/v2\/comments?post=13539"}],"version-history":[{"count":8,"href":"https:\/\/mcubedigital.com\/fr\/wp-json\/wp\/v2\/pages\/13539\/revisions"}],"predecessor-version":[{"id":19797,"href":"https:\/\/mcubedigital.com\/fr\/wp-json\/wp\/v2\/pages\/13539\/revisions\/19797"}],"wp:featuredmedia":[{"embeddable":true,"href":"https:\/\/mcubedigital.com\/fr\/wp-json\/wp\/v2\/media\/21309"}],"wp:attachment":[{"href":"https:\/\/mcubedigital.com\/fr\/wp-json\/wp\/v2\/media?parent=13539"}],"curies":[{"name":"wp","href":"https:\/\/api.w.org\/{rel}","templated":true}]}}